{"id":4481,"date":"2019-11-28T11:50:43","date_gmt":"2019-11-28T11:50:43","guid":{"rendered":"https:\/\/ww2.ballettodiroma.com\/privacy-policy\/"},"modified":"2020-04-23T11:38:20","modified_gmt":"2020-04-23T11:38:20","slug":"privacy-policy","status":"publish","type":"page","link":"https:\/\/ww2.ballettodiroma.com\/en\/privacy-policy\/","title":{"rendered":"Privacy Policy"},"content":{"rendered":"<div class=\"spacer spacer-medium \"><\/div><div class=\"wrapper-small\"><div  class=\"column-section clearfix spaced-normal  col-align-top no-anim\"><div  class=\"column one-full last-col  col1 no-anim\" >\r\n\r\n<h3 class=\"wp-block-heading\">Informativa Privacy<\/h3>\r\n<p><em>1.<\/em> <strong>Titolare del trattamento<\/strong><br \/>Balletto di Roma scarl con sede legale in Piazza San giovanni Battista de La Salle 3\/5 p.t., 00165 Roma (Italia) (la \u201cSociet\u00e0\u201d, \u201cBalletto di Roma\u201d o il \u201cTitolare\u201d) garantisce il rispetto della disciplina in materia di protezione dei dati personali fornendo le seguenti informazioni circa il trattamento dei dati comunicati o comunque raccolti nel corso della navigazione sul presente sito.<\/p>\r\n<p><em>2.<\/em> <strong>Dati trattati, finalit\u00e0 e basi giuridiche del trattamento<\/strong><\/p>\r\n<p><em>Dati generati dall\u2019accesso al sito<\/em><br \/>I sistemi informatici e le procedure software preposte al funzionamento di questo sito acquisiscono, nel corso del loro normale esercizio, alcuni dati personali la cui trasmissione \u00e8 implicita nell\u2019uso dei protocolli di comunicazione di Internet.<br \/>Questi dati (quali ad esempio nomi di dominio, indirizzi IP, sistema operativo utilizzato, tipo di device di browser utilizzati per la connessione) non sono accompagnati da alcuna informazione personale aggiuntiva e vengono utilizzati per: i) ricavare informazioni statistiche anonime sull\u2019uso del sito; ii) gestire esigenze di controllo delle modalit\u00e0 di utilizzo dello stesso, iii) accertare responsabilit\u00e0 in caso di ipotetici reati informatici.<br \/>La base giuridica che legittima il trattamento di tali dati \u00e8 la necessit\u00e0 di rendere utilizzabili le funzionalit\u00e0 del sito a seguito dell\u2019accesso dell\u2019utente.<\/p>\r\n<p><em>Dati forniti volontariamente dall\u2019utente<\/em><br \/>I dati personali forniti dall\u2019utente tramite form sono raccolti e trattati per le seguenti finalit\u00e0:<\/p>\r\n<ol>\r\n<li>per lo svolgimento delle attivit\u00e0 di relazione con il cliente;<\/li>\r\n<li>per finalit\u00e0 amministrative e per l\u2019adempimento di obblighi di legge quali ad esempio quelli di natura contabile, fiscale, o per dar corso a richieste dell\u2019autorit\u00e0 giudiziaria;<\/li>\r\n<li>in presenza di specifico consenso, per l\u2019invio periodico, tramite e-mail, di newsletter e materiale pubblicitario;<\/li>\r\n<li>in presenza di specifico consenso, per ricevere aggiornamenti sulle nostre attivit\u00e0 e segnalazioni sulla pubblicazione di post del nostro blog;<\/li>\r\n<li>in presenza di specifico consenso, per ricevere comunicazioni promozionali ed inviti ad eventi, corsi di formazione, promozioni speciali o a partecipare a analisi e ricerche di mercato;<\/li>\r\n<li>nel caso di invio di curriculum vitae, esclusivamente per finalit\u00e0 di selezione.<\/li>\r\n<\/ol>\r\n<p>Nei casi espressamente indicati la base giuridica \u00e8 il consenso liberamente fornito dall\u2019interessato.<\/p>\r\n<p><em>Dati raccolti tramite il sito BallettodiRoma.com e suoi sottodomini<\/em><br \/>Per completa informazione precisiamo che nell\u2019invio delle comunicazioni, Balletto di Roma si avvale di Piattaforme esterne (ad es. MailUp), che, attraverso sistemi di tracciamento statistico (ad esempio web beacons), consente di rilevare l\u2019apertura di un messaggio, i click effettuati sui collegamenti ipertestuali contenuti all\u2019interno dell\u2019email, da quale indirizzo IP o con quale tipo di browser viene aperta l\u2019email, e altri dettagli simili. La raccolta di tali dati \u00e8 funzionale all\u2019utilizzo della piattaforma e costituisce parte integrante delle funzionalit\u00e0 del sistema di invio dei messaggi.<br \/>La base giuridica che legittima il trattamento di tali dati \u00e8 l\u2019esecuzione di un contratto di cui l\u2019interessato \u00e8 parte.<\/p>\r\n<p><em>3.<\/em> <strong>Natura del conferimento<\/strong><br \/>A parte quanto specificato per i dati di navigazione e per i dati raccolti tramite le Piattaforme esterne, il conferimento dei dati:<\/p>\r\n<ul>\r\n<li>rispetto alle finalit\u00e0 di cui alle lettere a), b) ed f) \u00e8 facoltativo ma l\u2019eventuale rifiuto comporter\u00e0 l\u2019impossibilit\u00e0 per Balletto di Roma di dar corso agli impegni contrattuali assunti.<\/li>\r\n<li>rispetto alle finalit\u00e0 di cui alla lettera c), d) ed e) \u00e8 anche esso facoltativo e il loro utilizzo \u00e8 condizionato al rilascio di un esplicito consenso. L\u2019eventuale rifiuto comporter\u00e0 l\u2019impossibilit\u00e0 per Balletto di Roma di inviare newsletter e materiale pubblicitario o inviti a eventi e iniziative di Balletto di Roma.<\/li>\r\n<\/ul>\r\n<p><em>4.<\/em> <strong>Modalit\u00e0 di trattamento e tempi di conservazione dei dati<\/strong><br \/>I dati raccolti saranno trattati mediante strumenti elettronici o comunque automatizzati, informatici e telematici, o mediante elaborazioni manuali con logiche strettamente correlate alle finalit\u00e0 per le quali i dati personali sono stati raccolti e, comunque, in modo da garantire in ogni caso la sicurezza dei medesimi. I dati vengono conservati per il tempo strettamente necessario alla gestione delle finalit\u00e0 per le quali i dati stessi sono raccolti nel rispetto delle norme vigenti e degli obblighi di legge.<\/p>\r\n<p>In ogni caso Balletto di Roma pratica regole che impediscono la conservazione dei dati a tempo indeterminato e limita quindi il tempo di conservazione nel rispetto del principio di minimizzazione del trattamento dei dati.<\/p>\r\n<p><em>5.<\/em> <strong>Soggetti autorizzati al trattamento, responsabili e comunicazione dei dati<\/strong><br \/>Il trattamento dei dati raccolti \u00e8 effettuato da personale interno di Balletto di Roma a tal fine individuato e autorizzato del trattamento secondo specifiche istruzioni impartite nel rispetto della normativa vigente.<\/p>\r\n<p>I dati raccolti, qualora sia necessario o strumentale per l\u2019esecuzione delle indicate finalit\u00e0, potranno essere trattati da terzi nominati Responsabili esterni del trattamento, ovvero, a seconda dei casi, comunicati agli stessi quali autonomi titolari, e precisamente:<\/p>\r\n<ul>\r\n<li>societ\u00e0 facenti parte del nostro gruppo societario per le finalit\u00e0 di cui al punto 1 lett. a), b) e f);<\/li>\r\n<li>persone, societ\u00e0, associazioni o studi professionali che prestino attivit\u00e0 di assistenza e consulenza alla nostra Societ\u00e0, per le finalit\u00e0 di cui al punto 1 lett. b) e f);<\/li>\r\n<li>societ\u00e0, enti, associazioni che svolgono servizi connessi e strumentali alla esecuzione delle finalit\u00e0 sopra indicate (servizio di analisi e ricerche di mercato, gestione pagamenti tramite carta di credito, manutenzione dei sistemi informatici).<\/li>\r\n<\/ul>\r\n<p>I dati raccolti potranno altres\u00ec essere trasferiti all\u2019estero, presso societ\u00e0 facenti e non facenti parte del nostro gruppo societario, anche al di fuori dell\u2019Unione Europea nelle forme e nei modi previsti alla vigente normativa garantendo in ogni caso un adeguato livello di protezione.<\/p>\r\n<p>In ogni caso, i dati personali non saranno mai diffusi.<\/p>\r\n<p><em>6.<\/em> <strong>Diritti dell\u2019interessato<\/strong><br \/>In ogni momento \u00e8 possibile accedere ai dati, opporsi al trattamento o chiedere la cancellazione, la modifica o l\u2019aggiornamento di tutte le informazioni personali raccolte da Balletto di Roma, esercitando il diritto alla limitazione del trattamento e il diritto alla portabilit\u00e0 dei dati, inviando un\u2019e-mail all\u2019indirizzo privacy@ballettodiroma.com<\/p>\r\n<h3>Utilizzo dei Cookie<\/h3>\r\n<p><strong>Obiettivi e utilizzo dei cookie<\/strong><\/p>\r\n<p>Il sito del Balletto di Roma utilizza i cookie al solo scopo di rendere possibili o di migliorare le funzionalit\u00e0 offerte e la navigazione da parte dell\u2019utente. Il Balletto di Roma non utilizza in alcun caso i cookie per la raccolta, il trattamento, la diffusione o la registrazione dei dati personali.<\/p>\r\n<p><strong>Quali tipi di cookie sono utilizzati nei sito Ballettodiroma.com?<\/strong><\/p>\r\n<p><strong>Cookie strettamente necessari.<\/strong><\/p>\r\n<p>Questi cookie sono utili per attivare una richiesta inizializzata dall\u2019utente. Ad esempio, sono utili per ricordare le informazioni fornite dall\u2019utente durante la navigazione nel sito e favorirne l\u2019utilizzo in una sessione successiva.<\/p>\r\n<p><strong>Cookie funzionali.<\/strong><\/p>\r\n<p>Questi cookie consentono al sito Web di ricordare le scelte effettuate dall\u2019utente al fine di ottimizzare le funzionalit\u00e0. Ad esempio, i cookie funzionali consentono al sito Web di ricordare le impostazioni specifiche di un utente.<\/p>\r\n<p><strong>Cookie analitici.<\/strong><\/p>\r\n<p>Questi cookie consentono di raccogliere dati sull\u2019utilizzo del sito Web da parte dell\u2019utente, compresi gli elementi su cui si fa clic durante la navigazione, al fine di migliorare le prestazioni e il design del sito stesso. Potrebbero essere condivisi con i nostri fornitori di strumenti di analisi terzi come Google\u00a9. Tuttavia, sono utilizzati esclusivamente per le finalit\u00e0 correlate ai nostri siti Web.<\/p>\r\n<p><strong>Cookie di targeting<\/strong><\/p>\r\n<p>Questi cookie ricordano le informazioni sull\u2019utilizzo del sito Web da parte dell\u2019utente in modo da consentirci di ottenere informazioni mirate sul sito stesso.<br \/>Cookie di Google Analytics:<br \/>I seguenti cookie sono utilizzati su questo sito:<br \/>_ga : utilizzato per distinguere gli utenti del sito;<br \/>_gat: utilizzato per analizzare la navigazione sul sito.<\/p>\r\n<p><strong>Cosa fare se non volete che dei cookie siano installati sul vostro computer?<\/strong><\/p>\r\n<p>Per alcune persone l\u2019idea che sul proprio computer o portatile vi sia un luogo di memorizzazione delle informazioni rappresenta un\u2019invasione della privacy, in particolare se tali informazioni sono memorizzate e utilizzate da terzi che non si conoscono. Se lo si preferisce, \u00e8 possibile bloccare alcuni o tutti i cookie o persino cancellare i cookie che sono gi\u00e0 stati installati sul proprio computer, tuttavia occorre essere consapevoli che in tal modo vi \u00e8 il rischio di perdere alcune funzionalit\u00e0. A tal fine, occorre modificare le impostazioni sulla privacy del proprio browser.<br \/>Alcuni operatori esterni hanno sviluppato strumenti che consentono di disattivare la raccolta e l\u2019utilizzo dei dati da parte dei loro moduli.<\/p>\r\n<p><strong>Third party cookies<\/strong><\/p>\r\n<p>Facebook, Twitter, Youtube e Instagram possono utilizzare cookie utili per la condivisione di contenuti sui social network o per l\u2019elaborazione di statistiche di accesso. La presenza, il numero e lo stato di questi cookie possono dipendere dall\u2019utilizzo che l\u2019utente fa dei network in questione o durante la visita al sito del Balletto di Roma.<br \/>Si invitano gli utenti a prendere conoscenza della politica di gestione dei cookie dei social network sui siti interessati.<\/p>\r\n<p><small>Ultimo aggiornamento: 01 maggio 2018<\/small><\/p>\r\n\r\n<\/div><\/div><\/div>","protected":false},"excerpt":{"rendered":"","protected":false},"author":2,"featured_media":0,"parent":0,"menu_order":0,"comment_status":"closed","ping_status":"closed","template":"","meta":{"_acf_changed":false,"footnotes":""},"class_list":["post-4481","page","type-page","status-publish","hentry","isotope-item"],"acf":[],"aioseo_notices":[],"_links":{"self":[{"href":"https:\/\/ww2.ballettodiroma.com\/en\/wp-json\/wp\/v2\/pages\/4481","targetHints":{"allow":["GET"]}}],"collection":[{"href":"https:\/\/ww2.ballettodiroma.com\/en\/wp-json\/wp\/v2\/pages"}],"about":[{"href":"https:\/\/ww2.ballettodiroma.com\/en\/wp-json\/wp\/v2\/types\/page"}],"author":[{"embeddable":true,"href":"https:\/\/ww2.ballettodiroma.com\/en\/wp-json\/wp\/v2\/users\/2"}],"replies":[{"embeddable":true,"href":"https:\/\/ww2.ballettodiroma.com\/en\/wp-json\/wp\/v2\/comments?post=4481"}],"version-history":[{"count":0,"href":"https:\/\/ww2.ballettodiroma.com\/en\/wp-json\/wp\/v2\/pages\/4481\/revisions"}],"wp:attachment":[{"href":"https:\/\/ww2.ballettodiroma.com\/en\/wp-json\/wp\/v2\/media?parent=4481"}],"curies":[{"name":"wp","href":"https:\/\/api.w.org\/{rel}","templated":true}]}}