{"id":4483,"date":"2020-01-23T09:59:22","date_gmt":"2020-01-23T09:59:22","guid":{"rendered":"https:\/\/ww2.ballettodiroma.com\/cookie\/"},"modified":"2020-04-23T11:49:57","modified_gmt":"2020-04-23T11:49:57","slug":"cookies","status":"publish","type":"page","link":"https:\/\/ww2.ballettodiroma.com\/en\/cookies\/","title":{"rendered":"Cookies"},"content":{"rendered":"<div class=\"spacer spacer-medium \"><\/div><div class=\"wrapper-small\"><div  class=\"column-section clearfix spaced-normal  col-align-top no-anim\"><div  class=\"column one-full last-col  col1 no-anim\" >\n<h4><b>Browser cookie<\/b><\/h4>\n<p>Cookies are pieces of information that the website places on your navigation device when you visit a page. They may involve the transmission of information between the website and your device, and between the latter and other sites that operate on our behalf or in private, in accordance with the provisions of the respective Privacy Policy. We can use cookies to gather the information we collect about you. You can decide to receive an alert every time a cookie is sent or to disable all cookies by changing your browser settings. By disabling cookies, however, some of our services may not work properly and you will not be able to access many features designed to optimize your browsing experience on the site. For more information on managing or disabling browser cookies, consult the last section of this Cookie Policy.<\/p>\n<p>We use various types of cookies with different functions. For more information on cookies and their general functions, visit an informative website such as <a title=\"allaboutcookies.org\" href=\"https:\/\/www.allaboutcookies.org\" target=\"_blank\" rel=\"noopener noreferrer\">allaboutcookies.org<\/a>.<\/p>\n<h4><\/h4>\n<h4><b>Cookie Flash:<\/b><\/h4>\n<p>I nostri promotori e fornitori di servizi esterni possono utilizzare oggetti locali condivisi, definiti cookie Flash, per raccogliere e archiviare informazioni. I cookie Flash differiscono dai cookie del browser in termini di volume, tipo e modalit\u00e0 di archiviazione dei dati. Gli strumenti di gestione dei cookie disponibili nel tuo browser non sono in grado di rimuovere i cookie Flash. Per maggiori informazioni su come disabilitare i cookie Flash, consulta l\u2019ultima sezione del presente documento relativo alle modalit\u00e0 dei cookie.<\/p>\n<p>Disabilitando i cookie Flash, tuttavia, alcuni dei nostri servizi potrebbero non funzionare correttamente e non potrai accedere a numerose funzionalit\u00e0 pensate per ottimizzare la tua esperienza di navigazione nel sito.<\/p>\n<p>Quali sono i tipi di cookie che possono essere utilizzati?<\/p>\n<p>I cookie che possono essere utilizzati sul nostro sito Web rientrano nelle quattro categorie illustrate di seguito. Queste descrizioni possono aiutarti a stabilire in che modo desideri interagire con i nostri siti Web e altri servizi online.<\/p>\n<h4><b>1. Cookie strettamente necessari<\/b><\/h4>\n<p>Questi cookie sono fondamentali per poter navigare sul sito Web e utilizzare alcune funzionalit\u00e0. Senza i cookie strettamente necessari, i servizi online che hai richiesto, come il carrello virtuale o l\u2019emissione di fattura alla convalida di un acquisto, non possono essere forniti.<\/p>\n<p>Non \u00e8 necessario fornire il consenso per i cookie strettamente necessari, poich\u00e9 sono indispensabili per assicurarti i servizi richiesti.<\/p>\n<h4><\/h4>\n<h4><b>2. Cookie per le prestazioni<\/b><\/h4>\n<p>\u00c8 possibile che da parte nostra (o dei i fornitori di servizi che operano per nostro conto) vengano inseriti dei cookie per le prestazioni nel tuo dispositivo di navigazione. Le informazioni raccolte mediante i cookie per le prestazioni sono utilizzate esclusivamente da noi o nel nostro interesse.<\/p>\n<p>I cookie per le prestazioni raccolgono informazioni anonime relative al modo in cui gli utenti utilizzano il sito Web e le sue varie funzionalit\u00e0. Ad esempio, i nostri cookie per le prestazioni raccolgono informazioni in merito alle pagine del sito che visiti pi\u00f9 spesso e alle nostre pubblicit\u00e0 che compaiono su altri siti Web con cui interagisci, oltre a verificare se apri e leggi le comunicazioni che ti inviamo e se ricevi messaggi di errore. Le informazioni raccolte possono essere utilizzate per personalizzare la tua esperienza online mostrando contenuti specifici. I cookie per le prestazioni servono anche per limitare il numero di visualizzazioni di uno stesso annuncio pubblicitario. I nostri cookie per le prestazioni non raccolgono informazioni di carattere personale.<\/p>\n<p>Un collegamento alla nostra Politica sui cookie \u00e8 disponibile nella parte inferiore di ciascuna pagina del presente sito Web. Continuando a utilizzare questo sito Web e le sue funzionalit\u00e0, autorizzi noi (e gli inserzionisti esterni di questo sito Web) a inserire cookie per le prestazioni nel tuo dispositivo di navigazione.<\/p>\n<p>Per eliminare o gestire i cookie per le prestazioni, consultare l\u2019ultima sezione della presente Politica sui cookie.<\/p>\n<h4><b>3. Cookie per funzionalit\u00e0<\/b><\/h4>\n<p>\u00c8 possibile che da parte nostra (o dei i fornitori di servizi che operano per nostro conto) vengano inseriti dei cookie per funzionalit\u00e0 nel tuo dispositivo di navigazione. Non condividiamo le informazioni raccolte mediante i cookie per funzionalit\u00e0 con i nostri inserzionisti n\u00e9 con terzi.<\/p>\n<p>Questi cookie sono utilizzati per memorizzare le scelte che effettui (preferenza della lingua, paese o altre impostazioni online) e per fornirti le funzionalit\u00e0 personalizzate od ottimizzate che hai selezionato. I cookie per funzionalit\u00e0 possono essere utilizzati per offrirti servizi online o per evitare che ti vengano offerti servizi che hai rifiutato in passato.<\/p>\n<p>In alcuni casi, possiamo autorizzare inserzionisti o terze parti a fornirti contenuti e altre esperienze online tramite questo sito Web. In questo caso, la terza parte in questione potrebbe inserire i propri cookie per funzionalit\u00e0 nel tuo dispositivo e utilizzarli, in modo analogo a noi, al fine di fornirti funzionalit\u00e0 personalizzate e ottimizzare la tua esperienza d\u2019uso. Selezionando opzioni e impostazioni personalizzate o funzionalit\u00e0 ottimizzate, autorizzi l\u2019utilizzo da parte nostra (e di terzi) dei cookie per funzionalit\u00e0 necessari a offrirti tali esperienze.<\/p>\n<p>Eliminando i cookie per funzionalit\u00e0, le preferenze o le impostazioni selezionate non verranno memorizzate per visite future.<\/p>\n<h4><b>4. Cookie promozionali o di targeting<\/b><\/h4>\n<p><b>Pubblicit\u00e0 mirata gestita da terze parti<\/b><\/p>\n<p>I cookie di pubblicit\u00e0 mirata gestita da terze parti possono essere memorizzati sul dispositivo dell\u2019utente da inserzionisti terze parti, reti pubblicitarie, servizi di scambio dati e analisi di marketing e altri fornitori di servizi.<\/p>\n<p>I cookie per la pubblicit\u00e0 mirata gestita da terze parti raccolgono informazioni sulla navigazione dell\u2019utente sui vari siti web e sui servizi online al fine di visualizzare inserzioni pertinenti sui siti web e sui servizi online nostri e di terze parti. Le reti pubblicitarie possono condividere queste informazioni con gli inserzionisti utilizzando la loro rete. Le informazioni raccolte utilizzando questi cookie per la pubblicit\u00e0 mirata gestita da terze parti non identificano personalmente l\u2019utente.<\/p>\n<p><b>La nostra promozione mirata<\/b><\/p>\n<p>I nostri cookie promozionali mirati vengono inseriti nel tuo dispositivo di navigazione da noi (o dai fornitori di servizi che agiscono per conto nostro).<\/p>\n<p>Possiamo utilizzare questi cookie sui nostri siti Web e in relazione ai nostri contenuti e annunci pubblicitari visualizzati nei siti Web e nei servizi online di terzi, al fine di confermare la tua interazione con i nostri contenuti o promozioni e per mostrarti gli annunci di prodotti che riteniamo potrebbero interessarti. I cookie promozionali mirati raccolgono informazioni anonime.<\/p>\n<p>L\u2019organizzazione che gestisce i cookie (noi o terzi) \u00e8 tenuta a richiedere e ottenere il tuo consenso. Quando vedi questa icona su annunci nostri o di terze parti, puoi fare clic sull\u2019immagine e visualizzare altri dati sulla promozione mirata, tra cui informazioni su come gestire le opzioni di controllo tramite le impostazioni del browser. Per maggiori informazioni, visita la pagina <a href=\"http:\/\/www.youronlinechoices.eu\/\"><b>www.youronlinechoices.eu<\/b><\/a>.<\/p>\n<h4><b>Visitatori registrati<\/b><\/h4>\n<p>Ci riserviamo il diritto di analizzare le attivit\u00e0 online dei visitatori registrati sui nostri siti Web e sui servizi online tramite l\u2019uso dei cookie e di altre tecnologie di tracciabilit\u00e0. Se hai scelto di ricevere comunicazioni da parte nostra, possiamo utilizzare i cookie e altre tecnologie di tracciabilit\u00e0 per personalizzare le future comunicazioni in funzione dei tuoi interessi.<\/p>\n<p>Inoltre, ci riserviamo il diritto di utilizzare cookie o altre tecnologie di tracciabilit\u00e0 all\u2019interno delle comunicazioni che ricevi da noi (ad esempio, per sapere se queste sono state lette o aperte o per rilevare con quali contenuti hai interagito e quali collegamenti hai aperto), in modo da rendere le comunicazioni future pi\u00f9 rispondenti ai tuoi interessi.<\/p>\n<p>Se non desideri pi\u00f9 ricevere comunicazioni mirate, puoi fare clic sul collegamento per l\u2019annullamento dell\u2019iscrizione, disponibile nelle nostre comunicazioni, o accedere al tuo account per revocare il consenso all\u2019invio di comunicazioni a fini di marketing. Se non desideri pi\u00f9 ricevere comunicazioni pubblicitarie personalizzate in base alla tua attivit\u00e0 online su questo e altri siti Web, segui le istruzioni sopra riportate (per gli annunci pubblicitari mirati).<\/p>\n<h4><b>Abilitazione\/disabilitazione di cookie tramite il browser<\/b><\/h4>\n<p>Esistono diversi modi per gestire i cookie e altre tecnologie di tracciabilit\u00e0. Modificando le impostazioni del browser, puoi accettare o rifiutare i cookie o decidere di ricevere un messaggio di avviso prima di accettare un cookie dai siti Web visitati. Ti ricordiamo che disabilitando completamente i cookie nel browser potresti non essere in grado di utilizzare tutte le nostre funzionalit\u00e0 interattive.<\/p>\n<p>Se utilizzi pi\u00f9 computer in postazioni diverse, assicurati che ogni browser sia impostato in modo da soddisfare le tue preferenze.<\/p>\n<p>Puoi eliminare tutti i cookie installati nella cartella dei cookie del tuo browser. Ciascun browser presenta procedure diverse per la gestione delle impostazioni. Fai clic su uno dei collegamenti sottostanti per ottenere istruzioni specifiche.<\/p>\n<p><b><a href=\"http:\/\/windows.microsoft.com\/en-us\/windows-vista\/block-or-allow-cookies\">Microsoft Windows Explorer<\/a><\/b><\/p>\n<p><b><a href=\"https:\/\/support.google.com\/chrome\/bin\/answer.py?hl=en&amp;answer=95647&amp;p=cpn_cookies\">Google Chrome <\/a><br \/>\n<\/b><\/p>\n<p><b><a href=\"http:\/\/support.mozilla.org\/en-US\/kb\/Enabling%20and%20disabling%20cookies\">Mozilla Firefox <\/a><br \/>\n<\/b><\/p>\n<p><a href=\"http:\/\/docs.info.apple.com\/article.html?path=Safari\/5.0\/en\/9277.html\"><b>Apple Safari <\/b><\/a><\/p>\n<p>Se non utilizzi nessuno dei browser sopra elencati, seleziona \u201ccookie\u201d nella relativa sezione della guida per scoprire dove si trova la tua cartella dei cookie.<\/p>\n<h4><b>Eliminazione dei cookie Flash<\/b><\/h4>\n<p>Fai clic sul collegamento qui di seguito per modificare le tue impostazioni relative ai cookie Flash.<\/p>\n<p><b><a href=\"http:\/\/www.macromedia.com\/support\/documentation\/en\/flashplayer\/help\/settings_manager02.html#118539\">Disabilitazione dei cookie Flash<\/a><\/b><\/p>\n<\/div><\/div><\/div>\n","protected":false},"excerpt":{"rendered":"","protected":false},"author":2,"featured_media":0,"parent":0,"menu_order":0,"comment_status":"closed","ping_status":"closed","template":"","meta":{"_acf_changed":false,"footnotes":""},"class_list":["post-4483","page","type-page","status-publish","hentry","isotope-item"],"acf":[],"aioseo_notices":[],"_links":{"self":[{"href":"https:\/\/ww2.ballettodiroma.com\/en\/wp-json\/wp\/v2\/pages\/4483","targetHints":{"allow":["GET"]}}],"collection":[{"href":"https:\/\/ww2.ballettodiroma.com\/en\/wp-json\/wp\/v2\/pages"}],"about":[{"href":"https:\/\/ww2.ballettodiroma.com\/en\/wp-json\/wp\/v2\/types\/page"}],"author":[{"embeddable":true,"href":"https:\/\/ww2.ballettodiroma.com\/en\/wp-json\/wp\/v2\/users\/2"}],"replies":[{"embeddable":true,"href":"https:\/\/ww2.ballettodiroma.com\/en\/wp-json\/wp\/v2\/comments?post=4483"}],"version-history":[{"count":0,"href":"https:\/\/ww2.ballettodiroma.com\/en\/wp-json\/wp\/v2\/pages\/4483\/revisions"}],"wp:attachment":[{"href":"https:\/\/ww2.ballettodiroma.com\/en\/wp-json\/wp\/v2\/media?parent=4483"}],"curies":[{"name":"wp","href":"https:\/\/api.w.org\/{rel}","templated":true}]}}