{"id":4545,"date":"2019-06-20T12:26:05","date_gmt":"2019-06-20T12:26:05","guid":{"rendered":"https:\/\/ww2.ballettodiroma.com\/qui-nous-sommes\/"},"modified":"2020-04-28T12:41:09","modified_gmt":"2020-04-28T12:41:09","slug":"lo-que-somos","status":"publish","type":"page","link":"https:\/\/ww2.ballettodiroma.com\/es\/lo-que-somos\/","title":{"rendered":"Lo Que Somos"},"content":{"rendered":"<div class=\"wrapper-small\"><div  class=\"column-section clearfix spaced-huge  col-align-center do-anim\"><div  class=\"column one-full last-col  col1 no-anim\" ><div class=\"spacer spacer-big \"><\/div>\n<h4>Fundado en 1960 por Walter Zappolini y Franca Bartolomei, el Ballet de Roma siempre ha promovido el baile del autor italiano y ahora se enfrenta a la escena internacional con una nueva direcci\u00f3n art\u00edstica y con proyectos de investigaci\u00f3n, producci\u00f3n y colaboraci\u00f3n que combinan tradici\u00f3n con innovaci\u00f3n y desarrollo del presencia de la empresa en Europa y en el mundo.<\/h4>\n<div class=\"spacer spacer-big \"><\/div><\/div><\/div><\/div>\n","protected":false},"excerpt":{"rendered":"","protected":false},"author":2,"featured_media":0,"parent":0,"menu_order":0,"comment_status":"closed","ping_status":"closed","template":"chi-siamo.php","meta":{"_acf_changed":false,"footnotes":""},"class_list":["post-4545","page","type-page","status-publish","hentry","isotope-item"],"acf":[],"aioseo_notices":[],"_links":{"self":[{"href":"https:\/\/ww2.ballettodiroma.com\/es\/wp-json\/wp\/v2\/pages\/4545","targetHints":{"allow":["GET"]}}],"collection":[{"href":"https:\/\/ww2.ballettodiroma.com\/es\/wp-json\/wp\/v2\/pages"}],"about":[{"href":"https:\/\/ww2.ballettodiroma.com\/es\/wp-json\/wp\/v2\/types\/page"}],"author":[{"embeddable":true,"href":"https:\/\/ww2.ballettodiroma.com\/es\/wp-json\/wp\/v2\/users\/2"}],"replies":[{"embeddable":true,"href":"https:\/\/ww2.ballettodiroma.com\/es\/wp-json\/wp\/v2\/comments?post=4545"}],"version-history":[{"count":0,"href":"https:\/\/ww2.ballettodiroma.com\/es\/wp-json\/wp\/v2\/pages\/4545\/revisions"}],"wp:attachment":[{"href":"https:\/\/ww2.ballettodiroma.com\/es\/wp-json\/wp\/v2\/media?parent=4545"}],"curies":[{"name":"wp","href":"https:\/\/api.w.org\/{rel}","templated":true}]}}