{"id":4542,"date":"2019-06-20T12:26:05","date_gmt":"2019-06-20T12:26:05","guid":{"rendered":"https:\/\/ww2.ballettodiroma.com\/about-us\/"},"modified":"2020-04-28T12:40:26","modified_gmt":"2020-04-28T12:40:26","slug":"qui-nous-sommes","status":"publish","type":"page","link":"https:\/\/ww2.ballettodiroma.com\/fr\/qui-nous-sommes\/","title":{"rendered":"Qui Nous Sommes"},"content":{"rendered":"<div class=\"wrapper-small\"><div  class=\"column-section clearfix spaced-huge  col-align-center do-anim\"><div  class=\"column one-full last-col  col1 no-anim\" ><div class=\"spacer spacer-big \"><\/div>\n<h4>Fond\u00e9 en 1960 par Walter Zappolini et Franca Bartolomei, le Ballet de Rome a toujours promu la danse de l&rsquo;auteur italien et est maintenant confront\u00e9 \u00e0 la sc\u00e8ne internationale avec une nouvelle direction artistique et avec des projets de recherche, de production et de collaboration qui combinent tradition avec innovation et d\u00e9veloppement de la pr\u00e9sence de l&rsquo;entreprise en Europe et dans le monde.<\/h4>\n<div class=\"spacer spacer-big \"><\/div><\/div><\/div><\/div>\n","protected":false},"excerpt":{"rendered":"","protected":false},"author":2,"featured_media":0,"parent":0,"menu_order":0,"comment_status":"closed","ping_status":"closed","template":"chi-siamo.php","meta":{"_acf_changed":false,"footnotes":""},"class_list":["post-4542","page","type-page","status-publish","hentry","isotope-item"],"acf":[],"aioseo_notices":[],"_links":{"self":[{"href":"https:\/\/ww2.ballettodiroma.com\/fr\/wp-json\/wp\/v2\/pages\/4542","targetHints":{"allow":["GET"]}}],"collection":[{"href":"https:\/\/ww2.ballettodiroma.com\/fr\/wp-json\/wp\/v2\/pages"}],"about":[{"href":"https:\/\/ww2.ballettodiroma.com\/fr\/wp-json\/wp\/v2\/types\/page"}],"author":[{"embeddable":true,"href":"https:\/\/ww2.ballettodiroma.com\/fr\/wp-json\/wp\/v2\/users\/2"}],"replies":[{"embeddable":true,"href":"https:\/\/ww2.ballettodiroma.com\/fr\/wp-json\/wp\/v2\/comments?post=4542"}],"version-history":[{"count":0,"href":"https:\/\/ww2.ballettodiroma.com\/fr\/wp-json\/wp\/v2\/pages\/4542\/revisions"}],"wp:attachment":[{"href":"https:\/\/ww2.ballettodiroma.com\/fr\/wp-json\/wp\/v2\/media?parent=4542"}],"curies":[{"name":"wp","href":"https:\/\/api.w.org\/{rel}","templated":true}]}}